{"id":357,"date":"2023-11-02T17:02:05","date_gmt":"2023-11-02T17:02:05","guid":{"rendered":"https:\/\/www.01db.com\/?page_id=357"},"modified":"2023-11-07T09:41:12","modified_gmt":"2023-11-07T09:41:12","slug":"page-daccueil","status":"publish","type":"page","link":"https:\/\/www.01db.com\/fr\/","title":{"rendered":"Page d'accueil"},"content":{"rendered":"","protected":false},"excerpt":{"rendered":"","protected":false},"author":1,"featured_media":0,"parent":0,"menu_order":0,"comment_status":"closed","ping_status":"closed","template":"","meta":{"_acf_changed":false,"content-type":"","footnotes":""},"class_list":["post-357","page","type-page","status-publish","hentry"],"acf":[],"yoast_head":"<!-- This site is optimized with the Yoast SEO plugin v27.1.1 - https:\/\/yoast.com\/product\/yoast-seo-wordpress\/ -->\n<title>01dB | Participe \u00e0 la lutte contre les nuisances sonores et vibratoires<\/title>\n<meta name=\"description\" content=\"01dB offre une gamme compl\u00e8te de produits et services d\u00e9di\u00e9s \u00e0 la surveillance acoustique et vibratoire. 01dB a rejoint le groupe Acoem en 2012.\" \/>\n<meta name=\"robots\" content=\"index, follow, max-snippet:-1, max-image-preview:large, max-video-preview:-1\" \/>\n<link rel=\"canonical\" href=\"https:\/\/www.01db.com\/fr\/\" \/>\n<meta property=\"og:locale\" content=\"fr_FR\" \/>\n<meta property=\"og:type\" content=\"article\" \/>\n<meta property=\"og:title\" content=\"01dB | Participe \u00e0 la lutte contre les nuisances sonores et vibratoires\" \/>\n<meta property=\"og:description\" content=\"01dB offre une gamme compl\u00e8te de produits et services d\u00e9di\u00e9s \u00e0 la surveillance acoustique et vibratoire. 01dB a rejoint le groupe Acoem en 2012.\" \/>\n<meta property=\"og:url\" content=\"https:\/\/www.01db.com\/fr\/\" \/>\n<meta property=\"og:site_name\" content=\"01dB\" \/>\n<meta property=\"article:modified_time\" content=\"2023-11-07T09:41:12+00:00\" \/>\n<meta name=\"twitter:card\" content=\"summary_large_image\" \/>\n<script type=\"application\/ld+json\" class=\"yoast-schema-graph\">{\"@context\":\"https:\/\/schema.org\",\"@graph\":[{\"@type\":\"WebPage\",\"@id\":\"https:\/\/www.01db.com\/fr\/\",\"url\":\"https:\/\/www.01db.com\/fr\/\",\"name\":\"01dB | Participe \u00e0 la lutte contre les nuisances sonores et vibratoires\",\"isPartOf\":{\"@id\":\"https:\/\/www.01db.com\/fr\/#website\"},\"datePublished\":\"2023-11-02T17:02:05+00:00\",\"dateModified\":\"2023-11-07T09:41:12+00:00\",\"description\":\"01dB offre une gamme compl\u00e8te de produits et services d\u00e9di\u00e9s \u00e0 la surveillance acoustique et vibratoire. 01dB a rejoint le groupe Acoem en 2012.\",\"breadcrumb\":{\"@id\":\"https:\/\/www.01db.com\/fr\/#breadcrumb\"},\"inLanguage\":\"fr-FR\",\"potentialAction\":[{\"@type\":\"ReadAction\",\"target\":[\"https:\/\/www.01db.com\/fr\/\"]}]},{\"@type\":\"BreadcrumbList\",\"@id\":\"https:\/\/www.01db.com\/fr\/#breadcrumb\",\"itemListElement\":[{\"@type\":\"ListItem\",\"position\":1,\"name\":\"Accueil\",\"item\":\"https:\/\/www.01db.com\/fr\/\"},{\"@type\":\"ListItem\",\"position\":2,\"name\":\"Page d'accueil\"}]},{\"@type\":\"WebSite\",\"@id\":\"https:\/\/www.01db.com\/fr\/#website\",\"url\":\"https:\/\/www.01db.com\/fr\/\",\"name\":\"01dB\",\"description\":\"\",\"publisher\":{\"@id\":\"https:\/\/www.01db.com\/fr\/#organization\"},\"potentialAction\":[{\"@type\":\"SearchAction\",\"target\":{\"@type\":\"EntryPoint\",\"urlTemplate\":\"https:\/\/www.01db.com\/fr\/?s={search_term_string}\"},\"query-input\":{\"@type\":\"PropertyValueSpecification\",\"valueRequired\":true,\"valueName\":\"search_term_string\"}}],\"inLanguage\":\"fr-FR\"},{\"@type\":\"Organization\",\"@id\":\"https:\/\/www.01db.com\/fr\/#organization\",\"name\":\"01dB\",\"url\":\"https:\/\/www.01db.com\/fr\/\",\"logo\":{\"@type\":\"ImageObject\",\"inLanguage\":\"fr-FR\",\"@id\":\"https:\/\/www.01db.com\/fr\/#\/schema\/logo\/image\/\",\"url\":\"https:\/\/www.01db.com\/wp-content\/uploads\/sites\/3\/2023\/11\/logo-acoem.svg\",\"contentUrl\":\"https:\/\/www.01db.com\/wp-content\/uploads\/sites\/3\/2023\/11\/logo-acoem.svg\",\"width\":128,\"height\":30,\"caption\":\"01dB\"},\"image\":{\"@id\":\"https:\/\/www.01db.com\/fr\/#\/schema\/logo\/image\/\"}}]}<\/script>\n<!-- \/ Yoast SEO plugin. -->","yoast_head_json":{"title":"01dB | Participe \u00e0 la lutte contre les nuisances sonores et vibratoires","description":"01dB offre une gamme compl\u00e8te de produits et services d\u00e9di\u00e9s \u00e0 la surveillance acoustique et vibratoire. 01dB a rejoint le groupe Acoem en 2012.","robots":{"index":"index","follow":"follow","max-snippet":"max-snippet:-1","max-image-preview":"max-image-preview:large","max-video-preview":"max-video-preview:-1"},"canonical":"https:\/\/www.01db.com\/fr\/","og_locale":"fr_FR","og_type":"article","og_title":"01dB | Participe \u00e0 la lutte contre les nuisances sonores et vibratoires","og_description":"01dB offre une gamme compl\u00e8te de produits et services d\u00e9di\u00e9s \u00e0 la surveillance acoustique et vibratoire. 01dB a rejoint le groupe Acoem en 2012.","og_url":"https:\/\/www.01db.com\/fr\/","og_site_name":"01dB","article_modified_time":"2023-11-07T09:41:12+00:00","twitter_card":"summary_large_image","schema":{"@context":"https:\/\/schema.org","@graph":[{"@type":"WebPage","@id":"https:\/\/www.01db.com\/fr\/","url":"https:\/\/www.01db.com\/fr\/","name":"01dB | Participe \u00e0 la lutte contre les nuisances sonores et vibratoires","isPartOf":{"@id":"https:\/\/www.01db.com\/fr\/#website"},"datePublished":"2023-11-02T17:02:05+00:00","dateModified":"2023-11-07T09:41:12+00:00","description":"01dB offre une gamme compl\u00e8te de produits et services d\u00e9di\u00e9s \u00e0 la surveillance acoustique et vibratoire. 01dB a rejoint le groupe Acoem en 2012.","breadcrumb":{"@id":"https:\/\/www.01db.com\/fr\/#breadcrumb"},"inLanguage":"fr-FR","potentialAction":[{"@type":"ReadAction","target":["https:\/\/www.01db.com\/fr\/"]}]},{"@type":"BreadcrumbList","@id":"https:\/\/www.01db.com\/fr\/#breadcrumb","itemListElement":[{"@type":"ListItem","position":1,"name":"Accueil","item":"https:\/\/www.01db.com\/fr\/"},{"@type":"ListItem","position":2,"name":"Page d'accueil"}]},{"@type":"WebSite","@id":"https:\/\/www.01db.com\/fr\/#website","url":"https:\/\/www.01db.com\/fr\/","name":"01dB","description":"","publisher":{"@id":"https:\/\/www.01db.com\/fr\/#organization"},"potentialAction":[{"@type":"SearchAction","target":{"@type":"EntryPoint","urlTemplate":"https:\/\/www.01db.com\/fr\/?s={search_term_string}"},"query-input":{"@type":"PropertyValueSpecification","valueRequired":true,"valueName":"search_term_string"}}],"inLanguage":"fr-FR"},{"@type":"Organization","@id":"https:\/\/www.01db.com\/fr\/#organization","name":"01dB","url":"https:\/\/www.01db.com\/fr\/","logo":{"@type":"ImageObject","inLanguage":"fr-FR","@id":"https:\/\/www.01db.com\/fr\/#\/schema\/logo\/image\/","url":"https:\/\/www.01db.com\/wp-content\/uploads\/sites\/3\/2023\/11\/logo-acoem.svg","contentUrl":"https:\/\/www.01db.com\/wp-content\/uploads\/sites\/3\/2023\/11\/logo-acoem.svg","width":128,"height":30,"caption":"01dB"},"image":{"@id":"https:\/\/www.01db.com\/fr\/#\/schema\/logo\/image\/"}}]}},"_links":{"self":[{"href":"https:\/\/www.01db.com\/fr\/wp-json\/wp\/v2\/pages\/357","targetHints":{"allow":["GET"]}}],"collection":[{"href":"https:\/\/www.01db.com\/fr\/wp-json\/wp\/v2\/pages"}],"about":[{"href":"https:\/\/www.01db.com\/fr\/wp-json\/wp\/v2\/types\/page"}],"author":[{"embeddable":true,"href":"https:\/\/www.01db.com\/fr\/wp-json\/wp\/v2\/users\/1"}],"replies":[{"embeddable":true,"href":"https:\/\/www.01db.com\/fr\/wp-json\/wp\/v2\/comments?post=357"}],"version-history":[{"count":13,"href":"https:\/\/www.01db.com\/fr\/wp-json\/wp\/v2\/pages\/357\/revisions"}],"predecessor-version":[{"id":422,"href":"https:\/\/www.01db.com\/fr\/wp-json\/wp\/v2\/pages\/357\/revisions\/422"}],"wp:attachment":[{"href":"https:\/\/www.01db.com\/fr\/wp-json\/wp\/v2\/media?parent=357"}],"curies":[{"name":"wp","href":"https:\/\/api.w.org\/{rel}","templated":true}]}}