{"id":355,"date":"2023-11-02T17:02:04","date_gmt":"2023-11-02T17:02:04","guid":{"rendered":"https:\/\/www.01db.com\/?page_id=355"},"modified":"2023-11-07T11:20:09","modified_gmt":"2023-11-07T11:20:09","slug":"pagina-principal","status":"publish","type":"page","link":"https:\/\/www.01db.com\/pt-br\/","title":{"rendered":"P\u00e1gina principal"},"content":{"rendered":"","protected":false},"excerpt":{"rendered":"","protected":false},"author":1,"featured_media":0,"parent":0,"menu_order":0,"comment_status":"closed","ping_status":"closed","template":"","meta":{"_acf_changed":false,"content-type":"","footnotes":""},"class_list":["post-355","page","type-page","status-publish","hentry"],"acf":[],"yoast_head":"<!-- This site is optimized with the Yoast SEO plugin v27.1.1 - https:\/\/yoast.com\/product\/yoast-seo-wordpress\/ -->\n<title>01dB | Participa da luta contra a polui\u00e7\u00e3o sonora e vibrat\u00f3ria<\/title>\n<meta name=\"description\" content=\"A 01dB oferece uma linha completa de produtos e servi\u00e7os dedicados \u00e0s medi\u00e7\u00f5es de monitoramento ac\u00fastico e vibrat\u00f3rio. Entrou para o Grupo Acoem em 2012.\" \/>\n<meta name=\"robots\" content=\"index, follow, max-snippet:-1, max-image-preview:large, max-video-preview:-1\" \/>\n<link rel=\"canonical\" href=\"https:\/\/www.01db.com\/pt-br\/\" \/>\n<meta property=\"og:locale\" content=\"pt_BR\" \/>\n<meta property=\"og:type\" content=\"article\" \/>\n<meta property=\"og:title\" content=\"01dB | Participa da luta contra a polui\u00e7\u00e3o sonora e vibrat\u00f3ria\" \/>\n<meta property=\"og:description\" content=\"A 01dB oferece uma linha completa de produtos e servi\u00e7os dedicados \u00e0s medi\u00e7\u00f5es de monitoramento ac\u00fastico e vibrat\u00f3rio. Entrou para o Grupo Acoem em 2012.\" \/>\n<meta property=\"og:url\" content=\"https:\/\/www.01db.com\/pt-br\/\" \/>\n<meta property=\"og:site_name\" content=\"01dB\" \/>\n<meta property=\"article:modified_time\" content=\"2023-11-07T11:20:09+00:00\" \/>\n<meta name=\"twitter:card\" content=\"summary_large_image\" \/>\n<script type=\"application\/ld+json\" class=\"yoast-schema-graph\">{\"@context\":\"https:\/\/schema.org\",\"@graph\":[{\"@type\":\"WebPage\",\"@id\":\"https:\/\/www.01db.com\/pt-br\/\",\"url\":\"https:\/\/www.01db.com\/pt-br\/\",\"name\":\"01dB | Participa da luta contra a polui\u00e7\u00e3o sonora e vibrat\u00f3ria\",\"isPartOf\":{\"@id\":\"https:\/\/www.01db.com\/pt-br\/#website\"},\"datePublished\":\"2023-11-02T17:02:04+00:00\",\"dateModified\":\"2023-11-07T11:20:09+00:00\",\"description\":\"A 01dB oferece uma linha completa de produtos e servi\u00e7os dedicados \u00e0s medi\u00e7\u00f5es de monitoramento ac\u00fastico e vibrat\u00f3rio. Entrou para o Grupo Acoem em 2012.\",\"breadcrumb\":{\"@id\":\"https:\/\/www.01db.com\/pt-br\/#breadcrumb\"},\"inLanguage\":\"pt-BR\",\"potentialAction\":[{\"@type\":\"ReadAction\",\"target\":[\"https:\/\/www.01db.com\/pt-br\/\"]}]},{\"@type\":\"BreadcrumbList\",\"@id\":\"https:\/\/www.01db.com\/pt-br\/#breadcrumb\",\"itemListElement\":[{\"@type\":\"ListItem\",\"position\":1,\"name\":\"In\u00edcio\",\"item\":\"https:\/\/www.01db.com\/pt-br\/\"},{\"@type\":\"ListItem\",\"position\":2,\"name\":\"P\u00e1gina principal\"}]},{\"@type\":\"WebSite\",\"@id\":\"https:\/\/www.01db.com\/pt-br\/#website\",\"url\":\"https:\/\/www.01db.com\/pt-br\/\",\"name\":\"01dB\",\"description\":\"\",\"publisher\":{\"@id\":\"https:\/\/www.01db.com\/pt-br\/#organization\"},\"potentialAction\":[{\"@type\":\"SearchAction\",\"target\":{\"@type\":\"EntryPoint\",\"urlTemplate\":\"https:\/\/www.01db.com\/pt-br\/?s={search_term_string}\"},\"query-input\":{\"@type\":\"PropertyValueSpecification\",\"valueRequired\":true,\"valueName\":\"search_term_string\"}}],\"inLanguage\":\"pt-BR\"},{\"@type\":\"Organization\",\"@id\":\"https:\/\/www.01db.com\/pt-br\/#organization\",\"name\":\"01dB\",\"url\":\"https:\/\/www.01db.com\/pt-br\/\",\"logo\":{\"@type\":\"ImageObject\",\"inLanguage\":\"pt-BR\",\"@id\":\"https:\/\/www.01db.com\/pt-br\/#\/schema\/logo\/image\/\",\"url\":\"https:\/\/www.01db.com\/wp-content\/uploads\/sites\/3\/2023\/11\/logo-acoem.svg\",\"contentUrl\":\"https:\/\/www.01db.com\/wp-content\/uploads\/sites\/3\/2023\/11\/logo-acoem.svg\",\"width\":128,\"height\":30,\"caption\":\"01dB\"},\"image\":{\"@id\":\"https:\/\/www.01db.com\/pt-br\/#\/schema\/logo\/image\/\"}}]}<\/script>\n<!-- \/ Yoast SEO plugin. -->","yoast_head_json":{"title":"01dB | Participa da luta contra a polui\u00e7\u00e3o sonora e vibrat\u00f3ria","description":"A 01dB oferece uma linha completa de produtos e servi\u00e7os dedicados \u00e0s medi\u00e7\u00f5es de monitoramento ac\u00fastico e vibrat\u00f3rio. Entrou para o Grupo Acoem em 2012.","robots":{"index":"index","follow":"follow","max-snippet":"max-snippet:-1","max-image-preview":"max-image-preview:large","max-video-preview":"max-video-preview:-1"},"canonical":"https:\/\/www.01db.com\/pt-br\/","og_locale":"pt_BR","og_type":"article","og_title":"01dB | Participa da luta contra a polui\u00e7\u00e3o sonora e vibrat\u00f3ria","og_description":"A 01dB oferece uma linha completa de produtos e servi\u00e7os dedicados \u00e0s medi\u00e7\u00f5es de monitoramento ac\u00fastico e vibrat\u00f3rio. Entrou para o Grupo Acoem em 2012.","og_url":"https:\/\/www.01db.com\/pt-br\/","og_site_name":"01dB","article_modified_time":"2023-11-07T11:20:09+00:00","twitter_card":"summary_large_image","schema":{"@context":"https:\/\/schema.org","@graph":[{"@type":"WebPage","@id":"https:\/\/www.01db.com\/pt-br\/","url":"https:\/\/www.01db.com\/pt-br\/","name":"01dB | Participa da luta contra a polui\u00e7\u00e3o sonora e vibrat\u00f3ria","isPartOf":{"@id":"https:\/\/www.01db.com\/pt-br\/#website"},"datePublished":"2023-11-02T17:02:04+00:00","dateModified":"2023-11-07T11:20:09+00:00","description":"A 01dB oferece uma linha completa de produtos e servi\u00e7os dedicados \u00e0s medi\u00e7\u00f5es de monitoramento ac\u00fastico e vibrat\u00f3rio. Entrou para o Grupo Acoem em 2012.","breadcrumb":{"@id":"https:\/\/www.01db.com\/pt-br\/#breadcrumb"},"inLanguage":"pt-BR","potentialAction":[{"@type":"ReadAction","target":["https:\/\/www.01db.com\/pt-br\/"]}]},{"@type":"BreadcrumbList","@id":"https:\/\/www.01db.com\/pt-br\/#breadcrumb","itemListElement":[{"@type":"ListItem","position":1,"name":"In\u00edcio","item":"https:\/\/www.01db.com\/pt-br\/"},{"@type":"ListItem","position":2,"name":"P\u00e1gina principal"}]},{"@type":"WebSite","@id":"https:\/\/www.01db.com\/pt-br\/#website","url":"https:\/\/www.01db.com\/pt-br\/","name":"01dB","description":"","publisher":{"@id":"https:\/\/www.01db.com\/pt-br\/#organization"},"potentialAction":[{"@type":"SearchAction","target":{"@type":"EntryPoint","urlTemplate":"https:\/\/www.01db.com\/pt-br\/?s={search_term_string}"},"query-input":{"@type":"PropertyValueSpecification","valueRequired":true,"valueName":"search_term_string"}}],"inLanguage":"pt-BR"},{"@type":"Organization","@id":"https:\/\/www.01db.com\/pt-br\/#organization","name":"01dB","url":"https:\/\/www.01db.com\/pt-br\/","logo":{"@type":"ImageObject","inLanguage":"pt-BR","@id":"https:\/\/www.01db.com\/pt-br\/#\/schema\/logo\/image\/","url":"https:\/\/www.01db.com\/wp-content\/uploads\/sites\/3\/2023\/11\/logo-acoem.svg","contentUrl":"https:\/\/www.01db.com\/wp-content\/uploads\/sites\/3\/2023\/11\/logo-acoem.svg","width":128,"height":30,"caption":"01dB"},"image":{"@id":"https:\/\/www.01db.com\/pt-br\/#\/schema\/logo\/image\/"}}]}},"_links":{"self":[{"href":"https:\/\/www.01db.com\/pt-br\/wp-json\/wp\/v2\/pages\/355","targetHints":{"allow":["GET"]}}],"collection":[{"href":"https:\/\/www.01db.com\/pt-br\/wp-json\/wp\/v2\/pages"}],"about":[{"href":"https:\/\/www.01db.com\/pt-br\/wp-json\/wp\/v2\/types\/page"}],"author":[{"embeddable":true,"href":"https:\/\/www.01db.com\/pt-br\/wp-json\/wp\/v2\/users\/1"}],"replies":[{"embeddable":true,"href":"https:\/\/www.01db.com\/pt-br\/wp-json\/wp\/v2\/comments?post=355"}],"version-history":[{"count":10,"href":"https:\/\/www.01db.com\/pt-br\/wp-json\/wp\/v2\/pages\/355\/revisions"}],"predecessor-version":[{"id":428,"href":"https:\/\/www.01db.com\/pt-br\/wp-json\/wp\/v2\/pages\/355\/revisions\/428"}],"wp:attachment":[{"href":"https:\/\/www.01db.com\/pt-br\/wp-json\/wp\/v2\/media?parent=355"}],"curies":[{"name":"wp","href":"https:\/\/api.w.org\/{rel}","templated":true}]}}