{"id":444,"date":"2023-11-22T17:01:15","date_gmt":"2023-11-22T17:01:15","guid":{"rendered":"https:\/\/www.01db.com\/?page_id=444"},"modified":"2023-11-23T08:57:30","modified_gmt":"2023-11-23T08:57:30","slug":"servico-cliente","status":"publish","type":"page","link":"https:\/\/www.01db.com\/pt-br\/servico-cliente\/","title":{"rendered":"Servico cliente"},"content":{"rendered":"","protected":false},"excerpt":{"rendered":"","protected":false},"author":2,"featured_media":0,"parent":0,"menu_order":0,"comment_status":"closed","ping_status":"closed","template":"","meta":{"_acf_changed":false,"content-type":"","footnotes":""},"class_list":["post-444","page","type-page","status-publish","hentry"],"acf":[],"yoast_head":"<!-- This site is optimized with the Yoast SEO plugin v27.4 - https:\/\/yoast.com\/product\/yoast-seo-wordpress\/ -->\n<title>Servico cliente - 01dB<\/title>\n<meta name=\"description\" content=\"Entre em contato com a 01dB para saber mais sobre nossas solu\u00e7\u00f5es e servi\u00e7os de monitoramento ac\u00fastico e de vibra\u00e7\u00e3o.\" \/>\n<meta name=\"robots\" content=\"index, follow, max-snippet:-1, max-image-preview:large, max-video-preview:-1\" \/>\n<link rel=\"canonical\" href=\"https:\/\/www.01db.com\/pt-br\/servico-cliente\/\" \/>\n<meta property=\"og:locale\" content=\"pt_BR\" \/>\n<meta property=\"og:type\" content=\"article\" \/>\n<meta property=\"og:title\" content=\"Servico cliente - 01dB\" \/>\n<meta property=\"og:description\" content=\"Entre em contato com a 01dB para saber mais sobre nossas solu\u00e7\u00f5es e servi\u00e7os de monitoramento ac\u00fastico e de vibra\u00e7\u00e3o.\" \/>\n<meta property=\"og:url\" content=\"https:\/\/www.01db.com\/pt-br\/servico-cliente\/\" \/>\n<meta property=\"og:site_name\" content=\"01dB\" \/>\n<meta property=\"article:modified_time\" content=\"2023-11-23T08:57:30+00:00\" \/>\n<meta name=\"twitter:card\" content=\"summary_large_image\" \/>\n<script type=\"application\/ld+json\" class=\"yoast-schema-graph\">{\"@context\":\"https:\\\/\\\/schema.org\",\"@graph\":[{\"@type\":\"WebPage\",\"@id\":\"https:\\\/\\\/www.01db.com\\\/pt-br\\\/servico-cliente\\\/\",\"url\":\"https:\\\/\\\/www.01db.com\\\/pt-br\\\/servico-cliente\\\/\",\"name\":\"Servico cliente - 01dB\",\"isPartOf\":{\"@id\":\"https:\\\/\\\/www.01db.com\\\/pt-br\\\/#website\"},\"datePublished\":\"2023-11-22T17:01:15+00:00\",\"dateModified\":\"2023-11-23T08:57:30+00:00\",\"description\":\"Entre em contato com a 01dB para saber mais sobre nossas solu\u00e7\u00f5es e servi\u00e7os de monitoramento ac\u00fastico e de vibra\u00e7\u00e3o.\",\"breadcrumb\":{\"@id\":\"https:\\\/\\\/www.01db.com\\\/pt-br\\\/servico-cliente\\\/#breadcrumb\"},\"inLanguage\":\"pt-BR\",\"potentialAction\":[{\"@type\":\"ReadAction\",\"target\":[\"https:\\\/\\\/www.01db.com\\\/pt-br\\\/servico-cliente\\\/\"]}]},{\"@type\":\"BreadcrumbList\",\"@id\":\"https:\\\/\\\/www.01db.com\\\/pt-br\\\/servico-cliente\\\/#breadcrumb\",\"itemListElement\":[{\"@type\":\"ListItem\",\"position\":1,\"name\":\"In\u00edcio\",\"item\":\"https:\\\/\\\/www.01db.com\\\/pt-br\\\/\"},{\"@type\":\"ListItem\",\"position\":2,\"name\":\"Servico cliente\"}]},{\"@type\":\"WebSite\",\"@id\":\"https:\\\/\\\/www.01db.com\\\/pt-br\\\/#website\",\"url\":\"https:\\\/\\\/www.01db.com\\\/pt-br\\\/\",\"name\":\"01dB\",\"description\":\"\",\"publisher\":{\"@id\":\"https:\\\/\\\/www.01db.com\\\/pt-br\\\/#organization\"},\"potentialAction\":[{\"@type\":\"SearchAction\",\"target\":{\"@type\":\"EntryPoint\",\"urlTemplate\":\"https:\\\/\\\/www.01db.com\\\/pt-br\\\/?s={search_term_string}\"},\"query-input\":{\"@type\":\"PropertyValueSpecification\",\"valueRequired\":true,\"valueName\":\"search_term_string\"}}],\"inLanguage\":\"pt-BR\"},{\"@type\":\"Organization\",\"@id\":\"https:\\\/\\\/www.01db.com\\\/pt-br\\\/#organization\",\"name\":\"01dB\",\"url\":\"https:\\\/\\\/www.01db.com\\\/pt-br\\\/\",\"logo\":{\"@type\":\"ImageObject\",\"inLanguage\":\"pt-BR\",\"@id\":\"https:\\\/\\\/www.01db.com\\\/pt-br\\\/#\\\/schema\\\/logo\\\/image\\\/\",\"url\":\"https:\\\/\\\/www.01db.com\\\/wp-content\\\/uploads\\\/sites\\\/3\\\/2023\\\/11\\\/logo-acoem.svg\",\"contentUrl\":\"https:\\\/\\\/www.01db.com\\\/wp-content\\\/uploads\\\/sites\\\/3\\\/2023\\\/11\\\/logo-acoem.svg\",\"width\":128,\"height\":30,\"caption\":\"01dB\"},\"image\":{\"@id\":\"https:\\\/\\\/www.01db.com\\\/pt-br\\\/#\\\/schema\\\/logo\\\/image\\\/\"}}]}<\/script>\n<!-- \/ Yoast SEO plugin. -->","yoast_head_json":{"title":"Servico cliente - 01dB","description":"Entre em contato com a 01dB para saber mais sobre nossas solu\u00e7\u00f5es e servi\u00e7os de monitoramento ac\u00fastico e de vibra\u00e7\u00e3o.","robots":{"index":"index","follow":"follow","max-snippet":"max-snippet:-1","max-image-preview":"max-image-preview:large","max-video-preview":"max-video-preview:-1"},"canonical":"https:\/\/www.01db.com\/pt-br\/servico-cliente\/","og_locale":"pt_BR","og_type":"article","og_title":"Servico cliente - 01dB","og_description":"Entre em contato com a 01dB para saber mais sobre nossas solu\u00e7\u00f5es e servi\u00e7os de monitoramento ac\u00fastico e de vibra\u00e7\u00e3o.","og_url":"https:\/\/www.01db.com\/pt-br\/servico-cliente\/","og_site_name":"01dB","article_modified_time":"2023-11-23T08:57:30+00:00","twitter_card":"summary_large_image","schema":{"@context":"https:\/\/schema.org","@graph":[{"@type":"WebPage","@id":"https:\/\/www.01db.com\/pt-br\/servico-cliente\/","url":"https:\/\/www.01db.com\/pt-br\/servico-cliente\/","name":"Servico cliente - 01dB","isPartOf":{"@id":"https:\/\/www.01db.com\/pt-br\/#website"},"datePublished":"2023-11-22T17:01:15+00:00","dateModified":"2023-11-23T08:57:30+00:00","description":"Entre em contato com a 01dB para saber mais sobre nossas solu\u00e7\u00f5es e servi\u00e7os de monitoramento ac\u00fastico e de vibra\u00e7\u00e3o.","breadcrumb":{"@id":"https:\/\/www.01db.com\/pt-br\/servico-cliente\/#breadcrumb"},"inLanguage":"pt-BR","potentialAction":[{"@type":"ReadAction","target":["https:\/\/www.01db.com\/pt-br\/servico-cliente\/"]}]},{"@type":"BreadcrumbList","@id":"https:\/\/www.01db.com\/pt-br\/servico-cliente\/#breadcrumb","itemListElement":[{"@type":"ListItem","position":1,"name":"In\u00edcio","item":"https:\/\/www.01db.com\/pt-br\/"},{"@type":"ListItem","position":2,"name":"Servico cliente"}]},{"@type":"WebSite","@id":"https:\/\/www.01db.com\/pt-br\/#website","url":"https:\/\/www.01db.com\/pt-br\/","name":"01dB","description":"","publisher":{"@id":"https:\/\/www.01db.com\/pt-br\/#organization"},"potentialAction":[{"@type":"SearchAction","target":{"@type":"EntryPoint","urlTemplate":"https:\/\/www.01db.com\/pt-br\/?s={search_term_string}"},"query-input":{"@type":"PropertyValueSpecification","valueRequired":true,"valueName":"search_term_string"}}],"inLanguage":"pt-BR"},{"@type":"Organization","@id":"https:\/\/www.01db.com\/pt-br\/#organization","name":"01dB","url":"https:\/\/www.01db.com\/pt-br\/","logo":{"@type":"ImageObject","inLanguage":"pt-BR","@id":"https:\/\/www.01db.com\/pt-br\/#\/schema\/logo\/image\/","url":"https:\/\/www.01db.com\/wp-content\/uploads\/sites\/3\/2023\/11\/logo-acoem.svg","contentUrl":"https:\/\/www.01db.com\/wp-content\/uploads\/sites\/3\/2023\/11\/logo-acoem.svg","width":128,"height":30,"caption":"01dB"},"image":{"@id":"https:\/\/www.01db.com\/pt-br\/#\/schema\/logo\/image\/"}}]}},"_links":{"self":[{"href":"https:\/\/www.01db.com\/pt-br\/wp-json\/wp\/v2\/pages\/444","targetHints":{"allow":["GET"]}}],"collection":[{"href":"https:\/\/www.01db.com\/pt-br\/wp-json\/wp\/v2\/pages"}],"about":[{"href":"https:\/\/www.01db.com\/pt-br\/wp-json\/wp\/v2\/types\/page"}],"author":[{"embeddable":true,"href":"https:\/\/www.01db.com\/pt-br\/wp-json\/wp\/v2\/users\/2"}],"replies":[{"embeddable":true,"href":"https:\/\/www.01db.com\/pt-br\/wp-json\/wp\/v2\/comments?post=444"}],"version-history":[{"count":5,"href":"https:\/\/www.01db.com\/pt-br\/wp-json\/wp\/v2\/pages\/444\/revisions"}],"predecessor-version":[{"id":467,"href":"https:\/\/www.01db.com\/pt-br\/wp-json\/wp\/v2\/pages\/444\/revisions\/467"}],"wp:attachment":[{"href":"https:\/\/www.01db.com\/pt-br\/wp-json\/wp\/v2\/media?parent=444"}],"curies":[{"name":"wp","href":"https:\/\/api.w.org\/{rel}","templated":true}]}}